{"id":46,"date":"2021-12-15T21:51:48","date_gmt":"2021-12-15T20:51:48","guid":{"rendered":"https:\/\/leduinfo.pl\/?page_id=46"},"modified":"2021-12-15T21:51:48","modified_gmt":"2021-12-15T20:51:48","slug":"informacje","status":"publish","type":"page","link":"https:\/\/leduinfo.pl\/","title":{"rendered":"Informacje"},"content":{"rendered":"\n<p>Szanowni Pa\u0144stwo. Niniejszym informujemy, \u017ce z dniem 15-12-2021 roku firma Leduinfo zako\u0144czy\u0142a swoj\u0105 dzia\u0142alno\u015b\u0107.<\/p>\n","protected":false},"excerpt":{"rendered":"<p>Szanowni Pa\u0144stwo. Niniejszym informujemy, \u017ce z dniem 15-12-2021 roku firma Leduinfo zako\u0144czy\u0142a swoj\u0105 dzia\u0142alno\u015b\u0107.<\/p>\n","protected":false},"author":1,"featured_media":0,"parent":0,"menu_order":0,"comment_status":"closed","ping_status":"closed","template":"","meta":[],"_links":{"self":[{"href":"https:\/\/leduinfo.pl\/index.php?rest_route=\/wp\/v2\/pages\/46"}],"collection":[{"href":"https:\/\/leduinfo.pl\/index.php?rest_route=\/wp\/v2\/pages"}],"about":[{"href":"https:\/\/leduinfo.pl\/index.php?rest_route=\/wp\/v2\/types\/page"}],"author":[{"embeddable":true,"href":"https:\/\/leduinfo.pl\/index.php?rest_route=\/wp\/v2\/users\/1"}],"replies":[{"embeddable":true,"href":"https:\/\/leduinfo.pl\/index.php?rest_route=%2Fwp%2Fv2%2Fcomments&post=46"}],"version-history":[{"count":1,"href":"https:\/\/leduinfo.pl\/index.php?rest_route=\/wp\/v2\/pages\/46\/revisions"}],"predecessor-version":[{"id":47,"href":"https:\/\/leduinfo.pl\/index.php?rest_route=\/wp\/v2\/pages\/46\/revisions\/47"}],"wp:attachment":[{"href":"https:\/\/leduinfo.pl\/index.php?rest_route=%2Fwp%2Fv2%2Fmedia&parent=46"}],"curies":[{"name":"wp","href":"https:\/\/api.w.org\/{rel}","templated":true}]}}